{"id":2052,"date":"2024-06-08T09:21:50","date_gmt":"2024-06-08T07:21:50","guid":{"rendered":"https:\/\/fgsa.pl\/services\/poreczenia\/"},"modified":"2024-08-22T09:11:33","modified_gmt":"2024-08-22T07:11:33","slug":"sureties","status":"publish","type":"page","link":"https:\/\/fgsa.pl\/en\/offer\/sureties\/","title":{"rendered":"Sureties"},"content":{"rendered":"\n<div class=\"wp-block-columns is-layout-flex wp-container-core-columns-is-layout-9d6595d7 wp-block-columns-is-layout-flex\">\n<div class=\"wp-block-column is-layout-flow wp-block-column-is-layout-flow\" style=\"flex-basis:66.66%\">\n<p>The Upper Silesian Fund offers a range of surety solutions through its subsidiary, <strong>Silesian Regional Guarantee Fund <\/strong>(from Polish \u015al\u0105ski Regionalny Fundusz Por\u0119czeniowy &#8211; \u015aRFP). The company, established under an agreement between the Upper Silesian Fund and Bank Gospodarstwa Krajowego (BGK), provides guarantees for various types of credits and loans, leasing, tender deposits and guarantees for proper performance of the contract, warranty for defects and quality guarantees for enterprises based or implementing investment projects in the Silesia Province. \u015aRFP was established with the primary objective of supporting the development of micro, small and medium-sized enterprises (MSMEs) by providing access to debt capital for entrepreneurs from this sector.<\/p>\n<\/div>\n\n\n\n<div class=\"wp-block-column is-layout-flow wp-block-column-is-layout-flow\" style=\"flex-basis:33.33%\"><div class=\"wp-block-image\">\n<figure class=\"aligncenter size-full\"><img loading=\"lazy\" decoding=\"async\" width=\"300\" height=\"156\" src=\"https:\/\/fgsa.pl\/wp-content\/uploads\/2024\/07\/image-4.png\" alt=\"\" class=\"wp-image-17920\"\/><\/figure>\n<\/div><\/div>\n<\/div>\n\n\n<div id=\"linki-z-obrazkiemblock_33d41f9883da183d000606aca095598b\"\n  class=\"linki-z-obrazkiem  \">\n  <!-- LINKI-Z-OBRAZKIEM -->\n\n  \n    <div class=\"row\">\n\n                  <div class=\"col-xxl-12 mb-5\">\n                <a href=\"https:\/\/rfp.pl\/\" class=\"btn_go_to\" target=\"_blank\" rel=\"noopener\">\n                    <div class=\"offer_box_img_btn\"><img decoding=\"async\" src=\"https:\/\/fgsa.pl\/wp-content\/uploads\/2024\/05\/empty-wallet-tick.svg\" alt=\"\"><\/div>\n          Go to platform \u015aRFP                  <\/a>\n              <\/div>\n            \n    <\/div>\n\n\n    <!-- \/LINKI-Z-OBRAZKIEM -->\n    <\/div>\n\n\n\n","protected":false},"excerpt":{"rendered":"<p>The Upper Silesian Fund offers a range of surety solutions through its subsidiary, Silesian Regional Guarantee Fund (from Polish \u015al\u0105ski Regionalny Fundusz Por\u0119czeniowy &#8211; \u015aRFP). The company, established under an agreement between the Upper Silesian Fund and Bank Gospodarstwa Krajowego (BGK), provides guarantees for various types of credits and loans, leasing, tender deposits and guarantees [&hellip;]<\/p>\n","protected":false},"author":1,"featured_media":0,"parent":2016,"menu_order":6,"comment_status":"closed","ping_status":"closed","template":"","meta":{"_acf_changed":false,"om_disable_all_campaigns":false,"inline_featured_image":false,"_monsterinsights_skip_tracking":false,"_monsterinsights_sitenote_active":false,"_monsterinsights_sitenote_note":"","_monsterinsights_sitenote_category":0,"_uf_show_specific_survey":0,"_uf_disable_surveys":false,"footnotes":""},"simple-restrict-permission":[],"class_list":["post-2052","page","type-page","status-publish","hentry"],"acf":[],"_links":{"self":[{"href":"https:\/\/fgsa.pl\/en\/wp-json\/wp\/v2\/pages\/2052","targetHints":{"allow":["GET"]}}],"collection":[{"href":"https:\/\/fgsa.pl\/en\/wp-json\/wp\/v2\/pages"}],"about":[{"href":"https:\/\/fgsa.pl\/en\/wp-json\/wp\/v2\/types\/page"}],"author":[{"embeddable":true,"href":"https:\/\/fgsa.pl\/en\/wp-json\/wp\/v2\/users\/1"}],"replies":[{"embeddable":true,"href":"https:\/\/fgsa.pl\/en\/wp-json\/wp\/v2\/comments?post=2052"}],"version-history":[{"count":8,"href":"https:\/\/fgsa.pl\/en\/wp-json\/wp\/v2\/pages\/2052\/revisions"}],"predecessor-version":[{"id":22288,"href":"https:\/\/fgsa.pl\/en\/wp-json\/wp\/v2\/pages\/2052\/revisions\/22288"}],"up":[{"embeddable":true,"href":"https:\/\/fgsa.pl\/en\/wp-json\/wp\/v2\/pages\/2016"}],"wp:attachment":[{"href":"https:\/\/fgsa.pl\/en\/wp-json\/wp\/v2\/media?parent=2052"}],"wp:term":[{"taxonomy":"simple-restrict-permission","embeddable":true,"href":"https:\/\/fgsa.pl\/en\/wp-json\/wp\/v2\/simple-restrict-permission?post=2052"}],"curies":[{"name":"wp","href":"https:\/\/api.w.org\/{rel}","templated":true}]}}