{"id":2067,"date":"2024-05-22T13:19:15","date_gmt":"2024-05-22T11:19:15","guid":{"rendered":"https:\/\/fgsa.pl\/about-us\/zarzad-spolki\/"},"modified":"2025-09-19T15:49:38","modified_gmt":"2025-09-19T13:49:38","slug":"authorities","status":"publish","type":"page","link":"https:\/\/fgsa.pl\/en\/about-us\/authorities\/","title":{"rendered":"Company Authorities"},"content":{"rendered":"\n<p><\/p>\n\n\n\n<div style=\"height:50px\" aria-hidden=\"true\" class=\"wp-block-spacer\"><\/div>\n\n\n<div id=\"zarzadblock_de99e415257223398c31dd0b4e81ff83\"\n  class=\"zarzad-block  \">\n  <!-- ZARZAD -->\n\n  \n    <h2>Board of Directors<\/h2>\n\n    <div class=\"accordion_all\">\n      <div class=\"accordion accordion-flush\" id=\"accordionZarzad-5256\">\n                <div class=\"accordion-item\">\n          <h2 class=\"accordion-header\" id=\"flush-heading-0-5256\">\n            <button class=\"accordion-button \" type=\"button\"\n              data-bs-toggle=\"collapse\" data-bs-target=\"#flush-collapse-0-5256\"\n              aria-expanded=\"true\" aria-controls=\"flush-collapse-0-5256\">\n\n                            <img decoding=\"async\" src=\"https:\/\/fgsa.pl\/wp-content\/uploads\/2025\/09\/Mateusz-Rykala-Fundusz-Gornoslaski-Prezes.jpg\" class=\"no_mob_acc\" alt=\"\">\n              \n              <div class=\"text\">\n                                Mateusz Ryka\u0142a<br>\n                \n                                <span>President of the Management Board<\/span>\n                \n                                <img decoding=\"async\" src=\"https:\/\/fgsa.pl\/wp-content\/uploads\/2025\/09\/Mateusz-Rykala-Fundusz-Gornoslaski-Prezes.jpg\" class=\"no_desk_acc\" alt=\"\">\n                \n                <div id=\"flush-collapse-0-5256\" class=\"accordion-collapse collapse show\"\n                  aria-labelledby=\"flush-heading-0-5256\"\n                  data-bs-parent=\"#accordionZarzad-5256\">\n                  <div class=\"accordion-body\">\n                    <p data-start=\"33\" data-end=\"245\">Senior executive managing joint-stock companies and public entities, with many years of experience in strategic management, international negotiations, and the implementation of national and EU-funded projects.<\/p>\n<p data-start=\"247\" data-end=\"937\">Before taking up the post of President of the Management Board (CEO) of the Upper Silesian Fund, he served as Vice President of the Management Board of the Katowice Special Economic Zone (2017\u20132025), where he was responsible, among other things, for implementing the Polish Investment Zone in the province and for investment support services for zone investors. From 2014 to 2017 he was the First Deputy Mayor at Sosnowiec City Hall, responsible, among other things, for municipal investments as well as the city\u2019s development and promotion. He had previously been associated with Sosnowiec City Hall (2006\u20132009) as the Mayor\u2019s Plenipotentiary for Development and International Cooperation.<\/p>\n<p data-start=\"939\" data-end=\"1395\">He also gained professional experience as Deputy Director at the Silesian Entrepreneurship Center in Chorz\u00f3w (2014) and as President of the Management Board of the Regional Fund for Eco-Development in Bielsko-Bia\u0142a (2006\u20132009). He also worked as a junior inspector at the Marshal\u2019s Office of the Silesian Voivodeship, responsible for programming and developing European funds. He began his professional career as an entrepreneur running a training company.<\/p>\n<p data-start=\"1397\" data-end=\"1660\">Mateusz Ryka\u0142a is the Vice-Chairman of the Supervisory Board of Tramwaje \u015al\u0105skie S.A. in Katowice. He previously chaired the Supervisory Board of the Pediatric Center in Sosnowiec and sat on the supervisory boards of MPGK \u015awi\u0119toch\u0142owice and TBS Centrum in B\u0119dzin.<\/p>\n<p data-start=\"1662\" data-end=\"1934\">He is a graduate of the University of Silesia, Faculty of Social Sciences. He also completed postgraduate studies in management at the Polish Agency of Entrepreneurship \/ Humanitas University. Since 2019 he has held the Master of Business title (WSB Academy \/ EY Academy).<\/p>\n<p data-start=\"1936\" data-end=\"2069\" data-is-last-node=\"\" data-is-only-node=\"\">He is interested in culture, running, and foreign languages. He is fluent in English and Italian, and also speaks French and Russian.<\/p>\n                  <\/div>\n                <\/div>\n              <\/div>\n            <\/button>\n          <\/h2>\n\n        <\/div>\n                <div class=\"accordion-item\">\n          <h2 class=\"accordion-header\" id=\"flush-heading-1-5256\">\n            <button class=\"accordion-button collapsed\" type=\"button\"\n              data-bs-toggle=\"collapse\" data-bs-target=\"#flush-collapse-1-5256\"\n              aria-expanded=\"false\" aria-controls=\"flush-collapse-1-5256\">\n\n                            <img decoding=\"async\" src=\"https:\/\/fgsa.pl\/wp-content\/uploads\/2024\/07\/Mariusz-Mandat-2.png\" class=\"no_mob_acc\" alt=\"\">\n              \n              <div class=\"text\">\n                                Mariusz Mandat<br>\n                \n                                <span>Vice-President of the Management Board<\/span>\n                \n                                <img decoding=\"async\" src=\"https:\/\/fgsa.pl\/wp-content\/uploads\/2024\/07\/Mariusz-Mandat-2.png\" class=\"no_desk_acc\" alt=\"\">\n                \n                <div id=\"flush-collapse-1-5256\" class=\"accordion-collapse collapse \"\n                  aria-labelledby=\"flush-heading-1-5256\"\n                  data-bs-parent=\"#accordionZarzad-5256\">\n                  <div class=\"accordion-body\">\n                    <p>Entrepreneur, local government official, social activist, and volunteer. By education, a political scientist, professionally, among others, a member of the K\u0142obuck District Board and since 2024, a District councillor, chairperson of the Budget Committee. Since the outbreak of the war in Ukraine, he has served as the District Coordinator of Humanitarian Aid.<\/p>\n<p>From 2019 to 2023, he was the deputy director of the District Labour Office in K\u0142obuck. From 2017 to 2019, he was the chairperson of the Local Action Group \u201cGreen Apex of Silesia\u201d and from 2016 to 2018, the director of the Rehabilitation, Educational, and Upbringing Centre in Hutka. In his professional career, he also worked at the Mazovian Business Development Incubator, Agro-technika SA, the Upper Silesian Regional Development Agency, and the Youth Career Center.<\/p>\n<p>He was also a collaborator with Telewizja Polska (TVP 2 and TVP Polonia) as a producer of many educational programmes on culture and the publisher of the magazine\u00a0 \u201cRegions\u201d \u2013 a socio-cultural quarterly.<\/p>\n<p>Currently, he serves as the Vice-President of the Management Board of Fundusz G\u00f3rno\u015bl\u0105ski S.A. in Katowice.<\/p>\n                  <\/div>\n                <\/div>\n              <\/div>\n            <\/button>\n          <\/h2>\n\n        <\/div>\n                <div class=\"accordion-item\">\n          <h2 class=\"accordion-header\" id=\"flush-heading-2-5256\">\n            <button class=\"accordion-button collapsed\" type=\"button\"\n              data-bs-toggle=\"collapse\" data-bs-target=\"#flush-collapse-2-5256\"\n              aria-expanded=\"false\" aria-controls=\"flush-collapse-2-5256\">\n\n                            <img decoding=\"async\" src=\"https:\/\/fgsa.pl\/wp-content\/uploads\/2024\/10\/agnieszka-sieminska-fundusz-gornoslaski.jpg\" class=\"no_mob_acc\" alt=\"\">\n              \n              <div class=\"text\">\n                                Agnieszka Siemi\u0144ska<br>\n                \n                                <span>Vice-President of the Management Board<\/span>\n                \n                                <img decoding=\"async\" src=\"https:\/\/fgsa.pl\/wp-content\/uploads\/2024\/10\/agnieszka-sieminska-fundusz-gornoslaski.jpg\" class=\"no_desk_acc\" alt=\"\">\n                \n                <div id=\"flush-collapse-2-5256\" class=\"accordion-collapse collapse \"\n                  aria-labelledby=\"flush-heading-2-5256\"\n                  data-bs-parent=\"#accordionZarzad-5256\">\n                  <div class=\"accordion-body\">\n                    <p>Experienced manager, entrepreneur, local government official.<\/p>\n<p>She has been professionally associated with the Silesian Voivodeship since the beginning of her professional career. Before taking up the position of vice-president of the Management Board of the Upper Silesian Fund, she worked on the management boards of many companies, among others D\u0105browskie Wodoci\u0105gi (2019-2024), Local Development Agency (2017-2018), Provincial Fund for Environmental Protection and Water Management in Katowice (2014-2017), &#8220;Warta&#8221; sewage treatment plant in Cz\u0119stochowa (2013-2014).<\/p>\n<p>Sits on the Supervisory Boards of the following companies: Tyski Sport and Koleje \u015al\u0105skie.<\/p>\n<p>For many years associated with the B\u0119dzin local government (2003-2013), where she performed various functions &#8211; from an independent clerk in the Civil Rights Department of the City Hall, through deputy head in the Department of Culture and Sports Promotion of the District Office in B\u0119dzin, to head of the Department of Promotion and Social Communication, Spokesman of the Municipal Office in B\u0119dzin.<\/p>\n<p>A graduate of the University of Silesia &#8211; Faculty of Law and Administration. She also completed postgraduate studies in communication and promotion and human resources management at this university. Since 2016, he has had an MBA (Master of Business Administration) diploma.<\/p>\n<p>Knows sign language. Privately, she is passionate about horses and riding.<\/p>\n                  <\/div>\n                <\/div>\n              <\/div>\n            <\/button>\n          <\/h2>\n\n        <\/div>\n        \n      <\/div>\n    <\/div>\n\n    <div class=\"height30\"><\/div>\n\n\n\n    <!-- \/ZARZAD -->\n    <\/div>\n\n\n\n\n\n\n<h2 class=\"wp-block-heading\">Supervisory Board<\/h2>\n\n\n<div id=\"rada-nadzorczablock_40cd28c2148511c112b98e3c63c23f5d\"\n  class=\"rada-nadzorcza-block  \">\n  <!-- RADA-NADZORCZA -->\n\n      <div class=\"directors\">\n      <ul class=\"row\">\n                <li class=\"col-xxl-6 col-xl-6 col-lg-6 col-md-6 col-sm-12\">\n          <div class=\"directors_box\">\n                        Bart\u0142omiej Babu\u015bka<br>\n            \n                        <span>Chairman of the Supervisory Board<\/span>\n                      <\/div>\n        <\/li>\n                <li class=\"col-xxl-6 col-xl-6 col-lg-6 col-md-6 col-sm-12\">\n          <div class=\"directors_box\">\n                        Piotr Mach<br>\n            \n                        <span>Vice-Chairman of the Supervisory Board<\/span>\n                      <\/div>\n        <\/li>\n                <li class=\"col-xxl-6 col-xl-6 col-lg-6 col-md-6 col-sm-12\">\n          <div class=\"directors_box\">\n                        Miros\u0142aw Du\u017cy<br>\n            \n                        <span>Member of Supervisory Board<\/span>\n                      <\/div>\n        <\/li>\n                <li class=\"col-xxl-6 col-xl-6 col-lg-6 col-md-6 col-sm-12\">\n          <div class=\"directors_box\">\n                        Krzysztof Kleczka<br>\n            \n                        <span>Member of Supervisory Board<\/span>\n                      <\/div>\n        <\/li>\n                <li class=\"col-xxl-6 col-xl-6 col-lg-6 col-md-6 col-sm-12\">\n          <div class=\"directors_box\">\n                        Robert Witecki<br>\n            \n                        <span>Secretary of Supervisory Board<\/span>\n                      <\/div>\n        <\/li>\n                <li class=\"col-xxl-6 col-xl-6 col-lg-6 col-md-6 col-sm-12\">\n          <div class=\"directors_box\">\n                        Szymon \u0141akota<br>\n            \n                        <span>Member of Supervisory Board<\/span>\n                      <\/div>\n        <\/li>\n              <\/ul>\n    <\/div>\n\n    <div class=\"height30\"><\/div>\n\n\n    <!-- \/RADA-NADZORCZA -->\n    <\/div>\n\n\n\n","protected":false},"excerpt":{"rendered":"<p>Supervisory Board<\/p>\n","protected":false},"author":1,"featured_media":0,"parent":2020,"menu_order":2,"comment_status":"closed","ping_status":"closed","template":"page-templates\/template-inner-full-without-submenu.php","meta":{"_acf_changed":false,"om_disable_all_campaigns":false,"inline_featured_image":false,"_monsterinsights_skip_tracking":false,"_monsterinsights_sitenote_active":false,"_monsterinsights_sitenote_note":"","_monsterinsights_sitenote_category":0,"_uf_show_specific_survey":0,"_uf_disable_surveys":false,"footnotes":""},"simple-restrict-permission":[],"class_list":["post-2067","page","type-page","status-publish","hentry"],"acf":[],"_links":{"self":[{"href":"https:\/\/fgsa.pl\/en\/wp-json\/wp\/v2\/pages\/2067","targetHints":{"allow":["GET"]}}],"collection":[{"href":"https:\/\/fgsa.pl\/en\/wp-json\/wp\/v2\/pages"}],"about":[{"href":"https:\/\/fgsa.pl\/en\/wp-json\/wp\/v2\/types\/page"}],"author":[{"embeddable":true,"href":"https:\/\/fgsa.pl\/en\/wp-json\/wp\/v2\/users\/1"}],"replies":[{"embeddable":true,"href":"https:\/\/fgsa.pl\/en\/wp-json\/wp\/v2\/comments?post=2067"}],"version-history":[{"count":35,"href":"https:\/\/fgsa.pl\/en\/wp-json\/wp\/v2\/pages\/2067\/revisions"}],"predecessor-version":[{"id":35329,"href":"https:\/\/fgsa.pl\/en\/wp-json\/wp\/v2\/pages\/2067\/revisions\/35329"}],"up":[{"embeddable":true,"href":"https:\/\/fgsa.pl\/en\/wp-json\/wp\/v2\/pages\/2020"}],"wp:attachment":[{"href":"https:\/\/fgsa.pl\/en\/wp-json\/wp\/v2\/media?parent=2067"}],"wp:term":[{"taxonomy":"simple-restrict-permission","embeddable":true,"href":"https:\/\/fgsa.pl\/en\/wp-json\/wp\/v2\/simple-restrict-permission?post=2067"}],"curies":[{"name":"wp","href":"https:\/\/api.w.org\/{rel}","templated":true}]}}