{"id":2075,"date":"2024-05-22T13:13:24","date_gmt":"2024-05-22T11:13:24","guid":{"rendered":"https:\/\/fgsa.pl\/about-us\/kariera\/"},"modified":"2024-08-21T09:00:21","modified_gmt":"2024-08-21T07:00:21","slug":"career","status":"publish","type":"page","link":"https:\/\/fgsa.pl\/en\/about-us\/career\/","title":{"rendered":"Career"},"content":{"rendered":"<div id=\"wazneblock_43abc08e8ca823757754ae733cec0444\"\n  class=\"wazne-block  \">\n  <!-- WAZNE -->\n\n  \n\n    <div class=\"company\">\n\n      \n            <div class=\"row main_sec\">\n\n                <div class=\"col-xxl-6 col-xl-6 col-lg-6 col-md-12 col-sm-12  main_sec_box mb-3\">\n          <div class=\"company_box  main_sec_box\">\n\n                        <div class=\"company_title\"> Career Development at Fundusz G\u00f3rno\u015bl\u0105ski<\/div>\n            \n            <ul>\n<li><strong>We strengthen\u00a0 your competences<\/strong><\/li>\n<\/ul>\n<p>We believe that employee development is the key to success. That is why we offer a variety of training courses that develop both specialised skills and universal competences. As a result, our employees are prepared for challenges in different areas and in different positions<\/p>\n<ul>\n<li><strong>We run the Academy of Leaders<\/strong><\/li>\n<\/ul>\n<p>Our managers participate in training and comprehensive leadership development programs. We make sure that our leaders are best prepared to manage teams and projects<\/p>\n<ul>\n<li><strong>We cooperate with universities<\/strong><\/li>\n<\/ul>\n<p>Our employees actively share their knowledge and experience by \u00a0organising lectures for students and conducting internships. It is important for us to pass on knowledge to students to prepare them for professional challenges and support their development<\/p>\n<ul>\n<li><strong>We take part in conferences<\/strong><\/li>\n<\/ul>\n<p>We give our employees the opportunity to participate in conferences, also as speakers. It is a great opportunity to share knowledge and good practices with other professionals and to externally represent the Fundusz G\u00f3rno\u015bl\u0105ski<\/p>\n\n          <\/div>\n        <\/div>\n        \n      <\/div>\n          <\/div>\n\n\n    <!-- \/WAZNE -->\n    \n<\/div>\n\n\n\n\n\n<div id=\"co-nas-wyrozniablock_c772b44cb48d497ab2a65dd60722f68c\"\n  class=\"co-nas-wyroznia-block  \">\n  <!-- CO-NAS-WYROZNIA -->\n\n  \n    <div class=\"company\">\n      <div class=\"row\">\n        <div class=\"col-xxl-5 col-xl-5 col-lg-5 col-md-12 col-sm-12 stand_out_left\">\n\n                    <h2 class=\"text-start\">Join us!<\/h2>\n          \n                    <div class=\"stand_out\">\n            \n                        <div class=\"text\"><ul><br \/>\n<li>We start each day with a delicious\u00a0<strong>cup of coffee<\/strong>, which will give you energy and inspire you to act<\/li><br \/>\n<li>We guarantee<strong>\u00a0comprehensive introductory training<\/strong>\u00a0for the selected position<\/li><br \/>\n<li>\u00a0We offer work in a group of\u00a0<strong>experienced specialists<\/strong><\/li><br \/>\n<li>We provide\u00a0<strong>support and mentorship<\/strong>, helping you grow professionally and achieve your goals. Your successes are our successes!<\/li><br \/>\n<li>We create\u00a0<strong>a friendly working environment<\/strong> where everyone feels welcome. Our culture fosters innovation, collaboration, and openness<\/li><br \/>\n<li>We focus on\u00a0<strong>teamwork<\/strong> because we believe in the power of cooperation.<\/li><br \/>\n<li>We support mutual sharing of knowledge and experience.\u00a0<strong>Together we achieve more!<\/strong><\/li><br \/>\n<\/ul><br \/>\n<\/div>\n            \n          <\/div>\n                    \n        <\/div>\n\n                <div class=\"col-xxl-7 col-xl-7 col-lg-7 col-md-12 col-sm-12\">\n          <img decoding=\"async\" src=\"https:\/\/fgsa.pl\/wp-content\/uploads\/2024\/07\/stand1.png\" alt=\"\" class=\"img_all\">\n        <\/div>\n        \n      <\/div>\n    <\/div>\n\n\n    <!-- \/CO-NAS-WYROZNIA -->\n    \n<\/div>\n\n\n\n\n\n<div id=\"linki-z-obrazkiemblock_39946e1db4a83041bc5241a4fa53bddd\"\n  class=\"linki-z-obrazkiem  \">\n  <!-- LINKI-Z-OBRAZKIEM -->\n\n  \n    <div class=\"row\">\n\n                  <div class=\"col-xxl-12 mb-5\">\n                <a href=\"https:\/\/pracodawcy.pracuj.pl\/profile\/fundusz-gornoslaski-s-a,9i7ohj5,pl\" class=\"btn_go_to\" target=\"_blank\" rel=\"noopener\">\n                    <div class=\"offer_box_img_btn\"><img decoding=\"async\" src=\"https:\/\/fgsa.pl\/wp-content\/uploads\/2024\/07\/profile-circle.svg\" alt=\"\"><\/div>\n          Current job offers                  <\/a>\n              <\/div>\n            \n    <\/div>\n\n\n    <!-- \/LINKI-Z-OBRAZKIEM -->\n    <\/div>\n\n\n\n\n\n\n<h2 class=\"wp-block-heading block_hide\">Oferty w\u0142asne<\/h2>\n\n\n<div id=\"oferty-pracy-block_f2cd95342cd14a04d697df7cd6033b4d\"\n  class=\"oferty-pracy-block  \">\n  <!-- OFERTY-PRACY -->\n\n  \n  <div class=\"\">\n\n    <ul class=\"row main_sec\">\n      \n    <\/ul>\n  <\/div>\n\n  \n\n\n\n\n\n\n  <!-- \/OFERTY-PRACY -->\n<\/div>\n\n","protected":false},"excerpt":{"rendered":"<p>Oferty w\u0142asne<\/p>\n","protected":false},"author":1,"featured_media":0,"parent":2020,"menu_order":6,"comment_status":"closed","ping_status":"closed","template":"","meta":{"_acf_changed":false,"om_disable_all_campaigns":false,"inline_featured_image":false,"_monsterinsights_skip_tracking":false,"_monsterinsights_sitenote_active":false,"_monsterinsights_sitenote_note":"","_monsterinsights_sitenote_category":0,"_uf_show_specific_survey":0,"_uf_disable_surveys":false,"footnotes":""},"simple-restrict-permission":[],"class_list":["post-2075","page","type-page","status-publish","hentry"],"acf":[],"_links":{"self":[{"href":"https:\/\/fgsa.pl\/en\/wp-json\/wp\/v2\/pages\/2075","targetHints":{"allow":["GET"]}}],"collection":[{"href":"https:\/\/fgsa.pl\/en\/wp-json\/wp\/v2\/pages"}],"about":[{"href":"https:\/\/fgsa.pl\/en\/wp-json\/wp\/v2\/types\/page"}],"author":[{"embeddable":true,"href":"https:\/\/fgsa.pl\/en\/wp-json\/wp\/v2\/users\/1"}],"replies":[{"embeddable":true,"href":"https:\/\/fgsa.pl\/en\/wp-json\/wp\/v2\/comments?post=2075"}],"version-history":[{"count":25,"href":"https:\/\/fgsa.pl\/en\/wp-json\/wp\/v2\/pages\/2075\/revisions"}],"predecessor-version":[{"id":22172,"href":"https:\/\/fgsa.pl\/en\/wp-json\/wp\/v2\/pages\/2075\/revisions\/22172"}],"up":[{"embeddable":true,"href":"https:\/\/fgsa.pl\/en\/wp-json\/wp\/v2\/pages\/2020"}],"wp:attachment":[{"href":"https:\/\/fgsa.pl\/en\/wp-json\/wp\/v2\/media?parent=2075"}],"wp:term":[{"taxonomy":"simple-restrict-permission","embeddable":true,"href":"https:\/\/fgsa.pl\/en\/wp-json\/wp\/v2\/simple-restrict-permission?post=2075"}],"curies":[{"name":"wp","href":"https:\/\/api.w.org\/{rel}","templated":true}]}}