{"id":33496,"date":"2025-04-09T12:37:59","date_gmt":"2025-04-09T10:37:59","guid":{"rendered":"https:\/\/fgsa.pl\/deklaracja-dostepnosci\/"},"modified":"2025-07-15T13:58:15","modified_gmt":"2025-07-15T11:58:15","slug":"accessibility-declaration","status":"publish","type":"page","link":"https:\/\/fgsa.pl\/en\/accessibility-declaration\/","title":{"rendered":"Accessibility Declaration"},"content":{"rendered":"\n<div style=\"height:100px\" aria-hidden=\"true\" class=\"wp-block-spacer\"><\/div>\n\n\n\n<div class=\"accesibility-declaration-wrapper\">\n<h2>Accessibility Statement<\/h2>\n<p id=\"a11y-wstep\">\n  <span id=\"a11y-podmiot\">Fundusz G\u00f3rno\u015bl\u0105ski S.A. based in Katowice<\/span> commits to ensuring the accessibility of its website in accordance with the Act of 4 April 2019 on the digital accessibility of websites and mobile applications of public entities.\n  This accessibility statement applies to the <span id=\"a11y-zakres\">website<\/span> \n  <a id=\"a11y-url\" href=\"https:\/\/fgsa.pl\/en\/\">fgsa.pl<\/a>.\n<\/p>\n<ul>\n  <li>\n    Website publication date:\n    <time id=\"a11y-data-publikacja\" datetime=\"2024-09-30\"\n      >30 September 2024<\/time\n    >\n  <\/li>\n  <li>\n    Date of last significant update:\n    <time id=\"a11y-data-aktualizacja\" datetime=\"2024-09-30\"\n      >30 September 2024<\/time\n    >\n  <\/li>\n<\/ul>\n<h2>Digital Accessibility Status<\/h2>\n<p id=\"a11y-status\">\n  The website is\n  <span id=\"a11y-ocena\">partially compliant<\/span> with the annex to the Act on Digital Accessibility of Websites and Mobile Applications of Public Entities of 4 April 2019 due to the non-compliances and exclusions listed below.\n<\/p>\n<h2>Unavailable Content<\/h2>\n<h3>Non-compliance with the Act<\/h3>\n<ul>\n  <li>\n    Not all files are fully digitally accessible \u2013 some may lack headings or alternative descriptions, especially if they have been provided from external sources and we did not have editing rights.\n  <\/li>\n  <li>\n    Not all videos published on the website have subtitles for deaf people.\n  <\/li>\n  <li>The website has a silent video with autoplay on the homepage.<\/li>\n<\/ul>\n<h3>Content not covered by the Act<\/h3>\n<ul>\n    <li>Documents published before 23 September 2018 are not digitally accessible.<\/li>\n    <li>Maps are exempt from the obligation to ensure accessibility.<\/li>\n<\/ul>\n<h2>Preparation of the Accessibility Statement<\/h2>\n<ul>\n  <li>\n    Statement prepared on:\n    <time id=\"a11y-data-sporzadzenie\" datetime=\"2024-09-30\"\n      >30 September 2024<\/time\n    >\n  <\/li>\n  <li>\n    The statement was last reviewed and updated on:\n    <time id=\"a11y-data-przeglad\" datetime=\"2025-07-15\">15 July 2025<\/time>\n  <\/li>\n<\/ul>\n<p>The statement was prepared based on an assessment carried out by an external entity.<\/p>\n<h2>Facilities, Limitations and Other Information<\/h2>\n<p>Accessibility improvements are planned by the end of 2025.<\/p>\n<h2>Keyboard Shortcuts<\/h2>\n<p>Standard browser keyboard shortcuts can be used on the website.<\/p>\n<h2>Feedback and Contact Details<\/h2>\n<ul>\n  <li>\n    Responsible for considering comments and requests: <span id=\"a11y-kontakt\">Fundusz G\u00f3rno\u015bl\u0105ski S.A. based in Katowice.<\/span>\n  <\/li>\n  <li>\n    E-mail:\n    <span id=\"a11y-email\"\n      ><a href=\"mailto:pok@fgsa.pl\">pok@fgsa.pl<\/a><\/span\n    >\n  <\/li>\n  <li>\n    Telephone:\n    <span id=\"a11y-telefon\"><a href=\"tel:+48 32 723 31 10\">+48 32 723 31 10<\/a><\/span>\n  <\/li>\n<\/ul>\n<section id=\"a11y-procedura\">\n<p>Everyone has the right to request digital accessibility of this website or its elements.<\/p>\n<p>When making such a request, please provide:<\/p>\n<ul>\n  <li>your name and surname,<\/li>\n  <li>your contact details (e.g. phone number, email),<\/li>\n  <li>the exact address of the website where the inaccessible element or content is located,<\/li>\n  <li>a description of the problem and how you would prefer it to be resolved.<\/li>\n<\/ul>\n<p>We will respond to your request as soon as possible, no later than within 7 days of receiving it.<\/p>\n<p>If this deadline is too short for us, we will inform you. In this information, we will give you a new deadline (no longer than 2 months) by which we will correct the reported errors or provide the information in an alternative way.<\/p>\n<p>If we are unable to ensure digital accessibility, we will offer you alternative access.<\/p>\n<\/section>\n<h2>Handling Requests and Complaints related to Accessibility<\/h2>\n<p>\n  If we refuse to ensure digital accessibility in response to your request and you do not agree with this refusal, you have the right to submit a complaint.\n<\/p>\n<p>You can also file a complaint if you are not satisfied with the alternative means of access we have offered.<\/p>\n<ul>\n  <li><a href=\"tel:+48 22 55 17 700\">Telephone: +48 22 55 17 700<\/a><\/li>\n  <li>Supervisory authority: <strong>Commissioner for Human Rights<\/strong><\/li>\n  <li>Address: Office of the Commissioner for Human Rights, al. Solidarno\u015bci 77, 00-090 Warsaw<\/li>\n  <li>Telephone: <a href=\"tel:+48225517700\">+48 22 55 17 700<\/a><\/li>\n  <li><a href=\"mailto:biurorzecznika@brpo.gov.pl\">E-mail: biurorzecznika@brpo.gov.pl<\/a><\/li>\n<\/ul>\n<p><a href=\"https:\/\/www.gov.pl\/web\/gov\/zloz-wniosek-o-zapewnienie-dostepnosci-cyfrowej-strony-internetowej-lub-aplikacji-mobilnej\" target=\"_blank\" title=\"Opens a new browser tab\" rel=\"noopener\">Helpful information is available on the government portal gov.pl<\/a><\/p>\n<h2>Other Information<\/h2>\n<h3 id=\"a11y-architektura\">Architectural Accessibility<\/h3>\n<h4>Fundusz G\u00f3rno\u015bl\u0105ski \u2013 Company Headquarters<\/h4>\n<p><strong>Address:<\/strong> ul. Sokolska 8, 40-086 Katowice<\/p>\n<p><strong>Parking:<\/strong> We do not have designated parking spaces for people with disabilities. Parking is paid. The distance to the entrance is about 15 meters.<\/p>\n<p><strong>Entrance to the building:<\/strong> There are stairs leading to the entrance. There is a handrail by the stairs. You must open the door manually. The entrance opening width is 90 centimetres.<\/p>\n<p><strong>Horizontal circulation:<\/strong> Rooms are located on 3 floors. Some corridors are not accessible for wheelchair users.<\/p>\n<p><strong>Vertical circulation:<\/strong> Other floors can be accessed by stairs. About 90% of the rooms are accessible for wheelchair users. There is no accessible toilet.<\/p>\n<h4>Fundusz G\u00f3rno\u015bl\u0105ski \u2013 Internationalisation Centre<\/h4>\n<p><strong>Address:<\/strong> Aleja Ro\u017adzie\u0144skiego 188, 40-203 Katowice<\/p>\n<p><strong>Parking:<\/strong> Parking spaces designated for people with disabilities are available. Parking is free. The distance to the entrance is about 10 meters.<\/p>\n<p><strong>Entrance to the building:<\/strong> The entrance is at ground level, doors open automatically. The entrance opening width is 90 centimetres.<\/p>\n<p><strong>Horizontal circulation:<\/strong> Rooms are located on 4 floors. Elevator available. All rooms are accessible for wheelchair users.<\/p>\n<p><strong>Toilet:<\/strong> An accessible toilet is located on the ground floor and the first floor.<\/p>\n<section id=\"a11y-komunikacja\">\n  <h3>Communication and Information Accessibility<\/h3>\n  <p>No information.<\/p>\n<\/section>\n<\/div>\n","protected":false},"excerpt":{"rendered":"<p>Accessibility Statement Fundusz G\u00f3rno\u015bl\u0105ski S.A. based in Katowice commits to ensuring the accessibility of its website in accordance with the Act of 4 April 2019 on the digital accessibility of websites and mobile applications of public entities. This accessibility statement applies to the website fgsa.pl. Website publication date: 30 September 2024 Date of last significant [&hellip;]<\/p>\n","protected":false},"author":1,"featured_media":0,"parent":0,"menu_order":0,"comment_status":"closed","ping_status":"closed","template":"","meta":{"_acf_changed":false,"om_disable_all_campaigns":false,"inline_featured_image":false,"_monsterinsights_skip_tracking":false,"_monsterinsights_sitenote_active":false,"_monsterinsights_sitenote_note":"","_monsterinsights_sitenote_category":0,"_uf_show_specific_survey":0,"_uf_disable_surveys":false,"footnotes":""},"simple-restrict-permission":[],"class_list":["post-33496","page","type-page","status-publish","hentry"],"acf":[],"_links":{"self":[{"href":"https:\/\/fgsa.pl\/en\/wp-json\/wp\/v2\/pages\/33496","targetHints":{"allow":["GET"]}}],"collection":[{"href":"https:\/\/fgsa.pl\/en\/wp-json\/wp\/v2\/pages"}],"about":[{"href":"https:\/\/fgsa.pl\/en\/wp-json\/wp\/v2\/types\/page"}],"author":[{"embeddable":true,"href":"https:\/\/fgsa.pl\/en\/wp-json\/wp\/v2\/users\/1"}],"replies":[{"embeddable":true,"href":"https:\/\/fgsa.pl\/en\/wp-json\/wp\/v2\/comments?post=33496"}],"version-history":[{"count":1,"href":"https:\/\/fgsa.pl\/en\/wp-json\/wp\/v2\/pages\/33496\/revisions"}],"predecessor-version":[{"id":33498,"href":"https:\/\/fgsa.pl\/en\/wp-json\/wp\/v2\/pages\/33496\/revisions\/33498"}],"wp:attachment":[{"href":"https:\/\/fgsa.pl\/en\/wp-json\/wp\/v2\/media?parent=33496"}],"wp:term":[{"taxonomy":"simple-restrict-permission","embeddable":true,"href":"https:\/\/fgsa.pl\/en\/wp-json\/wp\/v2\/simple-restrict-permission?post=33496"}],"curies":[{"name":"wp","href":"https:\/\/api.w.org\/{rel}","templated":true}]}}